{"id":138,"date":"2021-10-06T17:51:26","date_gmt":"2021-10-06T20:51:26","guid":{"rendered":"http:\/\/rosangelavicente.com.br\/?page_id=138"},"modified":"2022-08-30T16:22:43","modified_gmt":"2022-08-30T19:22:43","slug":"sobre","status":"publish","type":"page","link":"https:\/\/rosangelavicente.com.br\/?page_id=138","title":{"rendered":"Sobre"},"content":{"rendered":"\n<div class=\"wp-block-media-text alignwide is-stacked-on-mobile is-image-fill\" style=\"grid-template-columns:46% auto\"><figure class=\"wp-block-media-text__media\" style=\"background-image:url(http:\/\/rosangelavicente.com.br\/wp-content\/uploads\/2021\/10\/Foto-1-1200x1600.jpg);background-position:50% 50%\"><img loading=\"lazy\" decoding=\"async\" width=\"1200\" height=\"1600\" src=\"http:\/\/rosangelavicente.com.br\/wp-content\/uploads\/2021\/10\/Foto-1-1200x1600.jpg\" alt=\"\" class=\"wp-image-351 size-medium\" srcset=\"https:\/\/rosangelavicente.com.br\/wp-content\/uploads\/2021\/10\/Foto-1-1200x1600.jpg 1200w, https:\/\/rosangelavicente.com.br\/wp-content\/uploads\/2021\/10\/Foto-1-800x1067.jpg 800w, https:\/\/rosangelavicente.com.br\/wp-content\/uploads\/2021\/10\/Foto-1-768x1024.jpg 768w, https:\/\/rosangelavicente.com.br\/wp-content\/uploads\/2021\/10\/Foto-1-1152x1536.jpg 1152w, https:\/\/rosangelavicente.com.br\/wp-content\/uploads\/2021\/10\/Foto-1-1536x2048.jpg 1536w, https:\/\/rosangelavicente.com.br\/wp-content\/uploads\/2021\/10\/Foto-1.jpg 1920w\" sizes=\"auto, (max-width: 1200px) 100vw, 1200px\" \/><\/figure><div class=\"wp-block-media-text__content\">\n<pre class=\"wp-block-preformatted has-normal-font-size\">Formada em Design gr\u00e1fico pela UNESP - Universidade Estadual Paulista, especializa\u00e7\u00e3o em Branding pela ESPM e Dire\u00e7\u00e3o de Arte Cinematogr\u00e1fica na B_Arco, com Vera Hamburger.\n\nDepois de trabalhar em ag\u00eancias de publicidade e Design, comecei no departamento de arte audiovisual com filmes publicit\u00e1rios, curtas metragens e assist\u00eancia para S\u00e9ries e Conte\u00fados.\n\n\n<a href=\"mailto:rosangela@rosangelavicente.com.br\">rosangela@rosangelavicente.com.br<\/a>\n<\/pre>\n<\/div><\/div>\n\n\n\n<p><\/p>\n","protected":false},"excerpt":{"rendered":"<p>Formada em Design gr\u00e1fico pela UNESP &#8211; Universidade Estadual Paulista, especializa\u00e7\u00e3o em Branding pela ESPM e Dire\u00e7\u00e3o de Arte Cinematogr\u00e1fica [&hellip;]<\/p>\n","protected":false},"author":1,"featured_media":0,"parent":0,"menu_order":0,"comment_status":"closed","ping_status":"closed","template":"","meta":{"footnotes":""},"class_list":["post-138","page","type-page","status-publish","hentry"],"_links":{"self":[{"href":"https:\/\/rosangelavicente.com.br\/index.php?rest_route=\/wp\/v2\/pages\/138","targetHints":{"allow":["GET"]}}],"collection":[{"href":"https:\/\/rosangelavicente.com.br\/index.php?rest_route=\/wp\/v2\/pages"}],"about":[{"href":"https:\/\/rosangelavicente.com.br\/index.php?rest_route=\/wp\/v2\/types\/page"}],"author":[{"embeddable":true,"href":"https:\/\/rosangelavicente.com.br\/index.php?rest_route=\/wp\/v2\/users\/1"}],"replies":[{"embeddable":true,"href":"https:\/\/rosangelavicente.com.br\/index.php?rest_route=%2Fwp%2Fv2%2Fcomments&post=138"}],"version-history":[{"count":13,"href":"https:\/\/rosangelavicente.com.br\/index.php?rest_route=\/wp\/v2\/pages\/138\/revisions"}],"predecessor-version":[{"id":389,"href":"https:\/\/rosangelavicente.com.br\/index.php?rest_route=\/wp\/v2\/pages\/138\/revisions\/389"}],"wp:attachment":[{"href":"https:\/\/rosangelavicente.com.br\/index.php?rest_route=%2Fwp%2Fv2%2Fmedia&parent=138"}],"curies":[{"name":"wp","href":"https:\/\/api.w.org\/{rel}","templated":true}]}}